{"id":486,"date":"2019-10-01T13:35:29","date_gmt":"2019-10-01T17:35:29","guid":{"rendered":"http:\/\/windmillplastics.com\/contact\/"},"modified":"2024-03-22T16:17:05","modified_gmt":"2024-03-22T20:17:05","slug":"nous-joindre","status":"publish","type":"page","link":"https:\/\/windmillplastics.com\/fr\/nous-joindre\/","title":{"rendered":"Pour nous joindre"},"content":{"rendered":"<div id=\"lb-container-contact\" class=\"fusion-fullwidth fullwidth-box fusion-builder-row-1 lb-container-dark nonhundred-percent-fullwidth non-hundred-percent-height-scrolling\"  style='background-color: rgba(255,255,255,0);background-position: center center;background-repeat: no-repeat;padding-top:0px;padding-right:0px;padding-bottom:0px;padding-left:0px;'><div class=\"fusion-builder-row fusion-row \"><div  class=\"fusion-layout-column fusion_builder_column fusion_builder_column_1_1 fusion-builder-column-0 fusion-one-full fusion-column-first fusion-column-last 1_1\"  style='margin-top:0px;margin-bottom:20px;'><div class=\"fusion-column-wrapper\" style=\"padding: 0px 0px 0px 0px;background-position:left top;background-repeat:no-repeat;-webkit-background-size:cover;-moz-background-size:cover;-o-background-size:cover;background-size:cover;\"   data-bg-url=\"\"><style type=\"text\/css\"><\/style><div class=\"fusion-title title fusion-title-1 fusion-sep-none fusion-title-text fusion-title-size-one\" style=\"margin-top:0px;margin-bottom:31px;\"><h1 class=\"title-heading-left\" style=\"margin:0;\">Contactez-nous<\/h1><\/div><div class=\"fusion-text lb-lead\"><p>Nous serons heureux de r\u00e9pondre \u00e0 vos questions ou de vous donner rendez-vous pour une discussion plus d\u00e9taill\u00e9e.<\/p>\n<\/div><div class=\"fusion-clearfix\"><\/div><\/div><\/div><div  class=\"fusion-layout-column fusion_builder_column fusion_builder_column_1_1 fusion-builder-column-1 fusion-one-full fusion-column-first fusion-column-last lb-column-indented-wide 1_1\"  style='margin-top:0px;margin-bottom:20px;'><div class=\"fusion-column-wrapper\" style=\"padding: 0px 0px 0px 0px;background-position:left top;background-repeat:no-repeat;-webkit-background-size:cover;-moz-background-size:cover;-o-background-size:cover;background-size:cover;\"   data-bg-url=\"\"><div class=\"fusion-builder-row fusion-builder-row-inner fusion-row \"><div  class=\"fusion-layout-column fusion_builder_column fusion_builder_column_1_3 fusion-builder-nested-column-1 fusion-one-third fusion-column-first 1_3\"  style='margin-top: 0px;margin-bottom: 20px;width:33.33%;width:calc(33.33% - ( ( 4% ) * 0.3333 ) );margin-right:4%;'>\n\t\t\t\t\t<div class=\"fusion-column-wrapper fusion-column-wrapper-1\" style=\"padding: 0px 0px 0px 0px;background-position:left top;background-repeat:no-repeat;-webkit-background-size:cover;-moz-background-size:cover;-o-background-size:cover;background-size:cover;\" data-bg-url=\"\">\n\t\t\t\t\t\t<div class=\"fusion-text lb-contact-address\"><p><strong>Si\u00e8ge social et usine\u00a0:<\/strong><br \/>\n<strong>290, rue Victoria<\/strong><br \/>\nKnowlton (Qu\u00e9bec)<br \/>\nJ0E 1V0<\/p>\n<\/div>\n\n\t\t\t\t\t<\/div>\n\t\t\t\t<\/div><div  class=\"fusion-layout-column fusion_builder_column fusion_builder_column_1_3 fusion-builder-nested-column-2 fusion-one-third fusion-column-last 1_3\"  style='margin-top: 0px;margin-bottom: 20px;width:33.33%;width:calc(33.33% - ( ( 4% ) * 0.3333 ) );'>\n\t\t\t\t\t<div class=\"fusion-column-wrapper fusion-column-wrapper-2\" style=\"padding: 0px 0px 0px 0px;background-position:left top;background-repeat:no-repeat;-webkit-background-size:cover;-moz-background-size:cover;-o-background-size:cover;background-size:cover;\" data-bg-url=\"\">\n\t\t\t\t\t\t<div class=\"fusion-text lb-contact-address\"><p><strong>T\u00e9l\u00e9phone : <\/strong><br \/>\n450-243-5011<\/p>\n<p><strong>T\u00e9l\u00e9copieur : <\/strong><br \/>\n450-243-0888<\/p>\n<\/div>\n\n\t\t\t\t\t<\/div>\n\t\t\t\t<\/div><\/div><div class=\"fusion-clearfix\"><\/div><\/div><\/div><div  class=\"fusion-layout-column fusion_builder_column fusion_builder_column_1_1 fusion-builder-column-2 fusion-one-full fusion-column-first fusion-column-last lb-column-indented 1_1\"  style='margin-top:60px;margin-bottom:20px;'><div class=\"fusion-column-wrapper\" style=\"padding: 0px 0px 0px 0px;background-position:left top;background-repeat:no-repeat;-webkit-background-size:cover;-moz-background-size:cover;-o-background-size:cover;background-size:cover;\"   data-bg-url=\"\"><style type=\"text\/css\"><\/style><div class=\"fusion-title title fusion-title-2 fusion-sep-none fusion-title-text fusion-title-size-two\" style=\"margin-top:0px;margin-bottom:31px;\"><h2 class=\"title-heading-left\" style=\"margin:0;\">Contactez un membre de l\u2019\u00e9quipe directement<\/h2><\/div><div class=\"fusion-clearfix\"><\/div><\/div><\/div><div  class=\"fusion-layout-column fusion_builder_column fusion_builder_column_1_2 fusion-builder-column-3 fusion-one-half fusion-column-first lb-column-indented 1_2\"  style='margin-top:0px;margin-bottom:20px;width:50%;width:calc(50% - ( ( 4% ) * 0.5 ) );margin-right: 4%;'><div class=\"fusion-column-wrapper\" style=\"padding: 0px 0px 0px 0px;background-position:left top;background-repeat:no-repeat;-webkit-background-size:cover;-moz-background-size:cover;-o-background-size:cover;background-size:cover;\"   data-bg-url=\"\"><div class=\"fusion-text lb-contact\"><p>Renseignements sur une possible relation d\u2019affaires avec nous\u00a0:<\/p>\n<p><strong class=\"lb-contact-name\">Fran\u00e7ois Desrosiers<\/strong><br \/>\n<strong>Pr\u00e9sident \/ Copropri\u00e9taire<br \/>\nD\u00e9veloppement des affaires<\/strong><br \/>\nPoste 207<br \/>\nfrank@windmillplastics.com<\/p>\n<\/div><div class=\"fusion-text lb-contact\"><p>Renseignements sur les activit\u00e9s courantes :<\/p>\n<p><strong class=\"lb-contact-name\">Erik Desrosiers<\/strong><br \/>\n<strong>Vice-pr\u00e9sident et directeur g\u00e9n\u00e9ral \/ Copropri\u00e9taire<\/strong><br \/>\nPoste 206<br \/>\nerik@windmillplastics.com<\/p>\n<\/div><div class=\"fusion-text lb-contact\"><p>Renseignements sur les possibilit\u00e9s de carri\u00e8re :<\/p>\n<p><strong class=\"lb-contact-name\">Julie Vilandr\u00e9<\/strong><br \/>\n<strong>Ressources humaines<\/strong><br \/>\nPoste 211<br \/>\nrh@windmillplastics.com<\/p>\n<\/div><div class=\"fusion-clearfix\"><\/div><\/div><\/div><div  class=\"fusion-layout-column fusion_builder_column fusion_builder_column_1_2 fusion-builder-column-4 fusion-one-half fusion-column-last 1_2\"  style='margin-top:0px;margin-bottom:20px;width:50%;width:calc(50% - ( ( 4% ) * 0.5 ) );'><div class=\"fusion-column-wrapper\" style=\"padding: 0px 0px 0px 0px;background-position:left top;background-repeat:no-repeat;-webkit-background-size:cover;-moz-background-size:cover;-o-background-size:cover;background-size:cover;\"   data-bg-url=\"\"><span class=\"fusion-imageframe imageframe-none imageframe-1 hover-type-none fusion-no-medium-visibility fusion-no-large-visibility\"><img decoding=\"async\" data-src=\"http:\/\/windmillplastics.com\/wp-content\/uploads\/team_fr-mobile.jpg\" width=\"377\" height=\"512\" alt=\"\" title=\"team_fr-mobile\" class=\"img-responsive wp-image-510 lazyload\" data-srcset=\"https:\/\/windmillplastics.com\/wp-content\/uploads\/team_fr-mobile-200x272.jpg 200w, https:\/\/windmillplastics.com\/wp-content\/uploads\/team_fr-mobile.jpg 377w\" data-sizes=\"(max-width: 800px) 100vw, 377px\" src=\"data:image\/svg+xml;base64,PHN2ZyB3aWR0aD0iMSIgaGVpZ2h0PSIxIiB4bWxucz0iaHR0cDovL3d3dy53My5vcmcvMjAwMC9zdmciPjwvc3ZnPg==\" style=\"--smush-placeholder-width: 377px; --smush-placeholder-aspect-ratio: 377\/512;\" \/><\/span><span class=\"fusion-imageframe imageframe-none imageframe-2 hover-type-none fusion-no-small-visibility\"><img decoding=\"async\" data-src=\"http:\/\/windmillplastics.com\/wp-content\/uploads\/team_fr.jpg\" width=\"754\" height=\"1024\" alt=\"\" title=\"team_fr\" class=\"img-responsive wp-image-512 lazyload\" data-srcset=\"https:\/\/windmillplastics.com\/wp-content\/uploads\/team_fr-200x272.jpg 200w, https:\/\/windmillplastics.com\/wp-content\/uploads\/team_fr-400x543.jpg 400w, https:\/\/windmillplastics.com\/wp-content\/uploads\/team_fr-600x815.jpg 600w, https:\/\/windmillplastics.com\/wp-content\/uploads\/team_fr.jpg 754w\" data-sizes=\"(max-width: 800px) 100vw, 600px\" src=\"data:image\/svg+xml;base64,PHN2ZyB3aWR0aD0iMSIgaGVpZ2h0PSIxIiB4bWxucz0iaHR0cDovL3d3dy53My5vcmcvMjAwMC9zdmciPjwvc3ZnPg==\" style=\"--smush-placeholder-width: 754px; --smush-placeholder-aspect-ratio: 754\/1024;\" \/><\/span><div class=\"fusion-clearfix\"><\/div><\/div><\/div><\/div><\/div>\n","protected":false},"excerpt":{"rendered":"","protected":false},"author":1,"featured_media":0,"parent":0,"menu_order":0,"comment_status":"closed","ping_status":"closed","template":"100-width.php","meta":{"inline_featured_image":false,"footnotes":""},"class_list":["post-486","page","type-page","status-publish","hentry"],"_links":{"self":[{"href":"https:\/\/windmillplastics.com\/fr\/wp-json\/wp\/v2\/pages\/486","targetHints":{"allow":["GET"]}}],"collection":[{"href":"https:\/\/windmillplastics.com\/fr\/wp-json\/wp\/v2\/pages"}],"about":[{"href":"https:\/\/windmillplastics.com\/fr\/wp-json\/wp\/v2\/types\/page"}],"author":[{"embeddable":true,"href":"https:\/\/windmillplastics.com\/fr\/wp-json\/wp\/v2\/users\/1"}],"replies":[{"embeddable":true,"href":"https:\/\/windmillplastics.com\/fr\/wp-json\/wp\/v2\/comments?post=486"}],"version-history":[{"count":22,"href":"https:\/\/windmillplastics.com\/fr\/wp-json\/wp\/v2\/pages\/486\/revisions"}],"predecessor-version":[{"id":846,"href":"https:\/\/windmillplastics.com\/fr\/wp-json\/wp\/v2\/pages\/486\/revisions\/846"}],"wp:attachment":[{"href":"https:\/\/windmillplastics.com\/fr\/wp-json\/wp\/v2\/media?parent=486"}],"curies":[{"name":"wp","href":"https:\/\/api.w.org\/{rel}","templated":true}]}}